{"id":2,"date":"2023-07-27T12:14:29","date_gmt":"2023-07-27T10:14:29","guid":{"rendered":"http:\/\/wiolimisie.pl\/?page_id=2"},"modified":"2026-01-04T20:31:11","modified_gmt":"2026-01-04T19:31:11","slug":"wioli-misie-2","status":"publish","type":"page","link":"https:\/\/wiolimisie.pl\/","title":{"rendered":"Witamy na naszej stronie"},"content":{"rendered":"\t\t<div data-elementor-type=\"wp-page\" data-elementor-id=\"2\" class=\"elementor elementor-2\">\n\t\t\t\t\t\t<section class=\"elementor-section elementor-top-section elementor-element elementor-element-b6c9259 elementor-section-boxed elementor-section-height-default elementor-section-height-default\" data-id=\"b6c9259\" data-element_type=\"section\" data-e-type=\"section\">\n\t\t\t\t\t\t<div class=\"elementor-container elementor-column-gap-default\">\n\t\t\t\t\t<div class=\"elementor-column elementor-col-50 elementor-top-column elementor-element elementor-element-e8783d8\" data-id=\"e8783d8\" data-element_type=\"column\" data-e-type=\"column\">\n\t\t\t<div class=\"elementor-widget-wrap elementor-element-populated\">\n\t\t\t\t\t\t<div class=\"elementor-element elementor-element-a8b619d elementor-invisible elementor-widget elementor-widget-text-editor\" data-id=\"a8b619d\" data-element_type=\"widget\" data-e-type=\"widget\" data-settings=\"{&quot;_animation&quot;:&quot;fadeInLeft&quot;}\" data-widget_type=\"text-editor.default\">\n\t\t\t\t<div class=\"elementor-widget-container\">\n\t\t\t\t\t\t\t\t\t<h3>Naszym g\u0142\u00f3wnym celem jest zapewnienie dzieciom, kt\u00f3re spotykamy na naszej drodze, prawdziwego szcz\u0119\u015bcia. D\u0105\u017cymy do tego poprzez wspieranie ich wszechstronnego rozwoju oraz oferowanie wsparcia dla ich rodzin.<\/h3><h3>Nasza oferta obejmuje r\u00f3\u017cnorodne obszary, w tym w g\u0142\u00f3wnej mierze diagnostyk\u0119 i terapi\u0119 autyzmu. Od 2023 roku uruchomili\u015bmy swoje plac\u00f3wki w J\u00f3zefowie ko\u0142o Warszawy i Wo\u0142ominie, wsp\u00f3\u0142pracujemy z plac\u00f3wkami w Mi\u0144sku Mazowieckim i Wyszkowie.<\/h3><h3>W naszej pracy wykorzystujemy mi\u0119dzy innymi metodyk\u0119 ADOS-2, kt\u00f3ra pozwala nam skutecznie diagnozowa\u0107 i wspiera\u0107 dzieci z autyzmem.<\/h3><h3>Zapraszamy na badanie ADOS-2\u00a0 &#8211; diagnoz\u0119 autyzmu w J\u00f3zefowie, Wo\u0142ominie, Wyszkowie. zapraszamy r\u00f3wnie\u017c na r\u00f3\u017cnego rodzaju terapie i diagnozy do naszego Centrum w J\u00f3zefowie.<\/h3><h3>Dzi\u0119ki naszej dogodnej lokalizacji go\u015bcimy pacjent\u00f3w z terenu wojew\u00f3dztwa mazowieckiego a szczeg\u00f3lnie z Mi\u0144ska Mazowieckiego, Warszawy, Otwocka, Karczewa Wyszkowa, Z\u0105bek, \u0141ochowa, J\u00f3zefowa.<\/h3><h3>Oferujemy tak\u017ce terapi\u0119 pedagogiczn\u0105, skuteczn\u0105 terapi\u0119 integracji sensorycznej oraz zaawansowan\u0105 terapi\u0119 behawioraln\u0105. Jeste\u015bmy przekonani, \u017ce poprzez te dzia\u0142ania mo\u017cemy skutecznie przyczyni\u0107 si\u0119 do spe\u0142nienia potrzeb naszych podopiecznych oraz ich rodzin.<\/h3>\t\t\t\t\t\t\t\t<\/div>\n\t\t\t\t<\/div>\n\t\t\t\t<section class=\"elementor-section elementor-inner-section elementor-element elementor-element-b1ec728 elementor-section-boxed elementor-section-height-default elementor-section-height-default\" data-id=\"b1ec728\" data-element_type=\"section\" data-e-type=\"section\">\n\t\t\t\t\t\t<div class=\"elementor-container elementor-column-gap-default\">\n\t\t\t\t\t<div class=\"elementor-column elementor-col-100 elementor-inner-column elementor-element elementor-element-505503f\" data-id=\"505503f\" data-element_type=\"column\" data-e-type=\"column\" data-settings=\"{&quot;background_background&quot;:&quot;classic&quot;}\">\n\t\t\t<div class=\"elementor-widget-wrap elementor-element-populated\">\n\t\t\t\t\t\t<div class=\"elementor-element elementor-element-1244330 elementor-button-success elementor-widget__width-initial elementor-absolute e-transform elementor-invisible elementor-widget elementor-widget-button\" data-id=\"1244330\" data-element_type=\"widget\" data-e-type=\"widget\" data-settings=\"{&quot;_position&quot;:&quot;absolute&quot;,&quot;_transform_scale_effect_hover&quot;:{&quot;unit&quot;:&quot;px&quot;,&quot;size&quot;:1.5,&quot;sizes&quot;:[]},&quot;_animation&quot;:&quot;fadeInLeft&quot;,&quot;_transform_scale_effect_hover_tablet&quot;:{&quot;unit&quot;:&quot;px&quot;,&quot;size&quot;:&quot;&quot;,&quot;sizes&quot;:[]},&quot;_transform_scale_effect_hover_mobile&quot;:{&quot;unit&quot;:&quot;px&quot;,&quot;size&quot;:&quot;&quot;,&quot;sizes&quot;:[]}}\" data-widget_type=\"button.default\">\n\t\t\t\t<div class=\"elementor-widget-container\">\n\t\t\t\t\t\t\t\t\t<div class=\"elementor-button-wrapper\">\n\t\t\t\t\t<a class=\"elementor-button elementor-button-link elementor-size-lg\" href=\"https:\/\/wiolimisie.pl\/?page_id=66\">\n\t\t\t\t\t\t<span class=\"elementor-button-content-wrapper\">\n\t\t\t\t\t\t\t\t\t<span class=\"elementor-button-text\">Dowiedz si\u0119 wi\u0119cej<\/span>\n\t\t\t\t\t<\/span>\n\t\t\t\t\t<\/a>\n\t\t\t\t<\/div>\n\t\t\t\t\t\t\t\t<\/div>\n\t\t\t\t<\/div>\n\t\t\t\t\t<\/div>\n\t\t<\/div>\n\t\t\t\t\t<\/div>\n\t\t<\/section>\n\t\t\t\t\t<\/div>\n\t\t<\/div>\n\t\t\t\t<div class=\"elementor-column elementor-col-50 elementor-top-column elementor-element elementor-element-019e438\" data-id=\"019e438\" data-element_type=\"column\" data-e-type=\"column\">\n\t\t\t<div class=\"elementor-widget-wrap elementor-element-populated\">\n\t\t\t\t\t\t<div class=\"elementor-element elementor-element-b374444 elementor-widget__width-inherit elementor-invisible elementor-widget elementor-widget-image\" data-id=\"b374444\" data-element_type=\"widget\" data-e-type=\"widget\" data-settings=\"{&quot;_animation&quot;:&quot;fadeInRight&quot;}\" data-widget_type=\"image.default\">\n\t\t\t\t<div class=\"elementor-widget-container\">\n\t\t\t\t\t\t\t\t\t\t\t\t\t\t\t<img fetchpriority=\"high\" decoding=\"async\" width=\"450\" height=\"450\" src=\"https:\/\/wiolimisie.pl\/wp-content\/uploads\/2023\/08\/Projekt-bez-nazwy-2.png\" class=\"attachment-full size-full wp-image-359\" alt=\"\" srcset=\"https:\/\/wiolimisie.pl\/wp-content\/uploads\/2023\/08\/Projekt-bez-nazwy-2.png 450w, https:\/\/wiolimisie.pl\/wp-content\/uploads\/2023\/08\/Projekt-bez-nazwy-2-300x300.png 300w, https:\/\/wiolimisie.pl\/wp-content\/uploads\/2023\/08\/Projekt-bez-nazwy-2-150x150.png 150w\" sizes=\"(max-width: 450px) 100vw, 450px\" \/>\t\t\t\t\t\t\t\t\t\t\t\t\t\t\t<\/div>\n\t\t\t\t<\/div>\n\t\t\t\t<section class=\"elementor-section elementor-inner-section elementor-element elementor-element-0e086b6 elementor-section-boxed elementor-section-height-default elementor-section-height-default\" data-id=\"0e086b6\" data-element_type=\"section\" data-e-type=\"section\">\n\t\t\t\t\t\t<div class=\"elementor-container elementor-column-gap-default\">\n\t\t\t\t\t<div class=\"elementor-column elementor-col-33 elementor-inner-column elementor-element elementor-element-7655075\" data-id=\"7655075\" data-element_type=\"column\" data-e-type=\"column\" data-settings=\"{&quot;background_background&quot;:&quot;gradient&quot;}\">\n\t\t\t<div class=\"elementor-widget-wrap\">\n\t\t\t\t\t\t\t<\/div>\n\t\t<\/div>\n\t\t\t\t<div class=\"elementor-column elementor-col-33 elementor-inner-column elementor-element elementor-element-2a0fd9a\" data-id=\"2a0fd9a\" data-element_type=\"column\" data-e-type=\"column\" data-settings=\"{&quot;background_background&quot;:&quot;gradient&quot;}\">\n\t\t\t<div class=\"elementor-widget-wrap\">\n\t\t\t\t\t\t\t<\/div>\n\t\t<\/div>\n\t\t\t\t<div class=\"elementor-column elementor-col-33 elementor-inner-column elementor-element elementor-element-5021ff0\" data-id=\"5021ff0\" data-element_type=\"column\" data-e-type=\"column\" data-settings=\"{&quot;background_background&quot;:&quot;classic&quot;}\">\n\t\t\t<div class=\"elementor-widget-wrap elementor-element-populated\">\n\t\t\t\t\t\t<div class=\"elementor-element elementor-element-718e32e elementor-button-success elementor-widget__width-initial elementor-absolute e-transform elementor-invisible elementor-widget elementor-widget-button\" data-id=\"718e32e\" data-element_type=\"widget\" data-e-type=\"widget\" data-settings=\"{&quot;_position&quot;:&quot;absolute&quot;,&quot;_transform_scale_effect_hover&quot;:{&quot;unit&quot;:&quot;px&quot;,&quot;size&quot;:1.5,&quot;sizes&quot;:[]},&quot;_animation&quot;:&quot;fadeInRight&quot;,&quot;_transform_scale_effect_hover_tablet&quot;:{&quot;unit&quot;:&quot;px&quot;,&quot;size&quot;:&quot;&quot;,&quot;sizes&quot;:[]},&quot;_transform_scale_effect_hover_mobile&quot;:{&quot;unit&quot;:&quot;px&quot;,&quot;size&quot;:&quot;&quot;,&quot;sizes&quot;:[]}}\" data-widget_type=\"button.default\">\n\t\t\t\t<div class=\"elementor-widget-container\">\n\t\t\t\t\t\t\t\t\t<div class=\"elementor-button-wrapper\">\n\t\t\t\t\t<a class=\"elementor-button elementor-button-link elementor-size-lg\" href=\"https:\/\/wiolimisie.pl\/?page_id=26\">\n\t\t\t\t\t\t<span class=\"elementor-button-content-wrapper\">\n\t\t\t\t\t\t\t\t\t<span class=\"elementor-button-text\">Poznaj nas<\/span>\n\t\t\t\t\t<\/span>\n\t\t\t\t\t<\/a>\n\t\t\t\t<\/div>\n\t\t\t\t\t\t\t\t<\/div>\n\t\t\t\t<\/div>\n\t\t\t\t\t<\/div>\n\t\t<\/div>\n\t\t\t\t\t<\/div>\n\t\t<\/section>\n\t\t\t\t\t<\/div>\n\t\t<\/div>\n\t\t\t\t\t<\/div>\n\t\t<\/section>\n\t\t\t\t<section class=\"elementor-section elementor-top-section elementor-element elementor-element-097c8b3 elementor-section-boxed elementor-section-height-default elementor-section-height-default\" data-id=\"097c8b3\" data-element_type=\"section\" data-e-type=\"section\">\n\t\t\t\t\t\t<div class=\"elementor-container elementor-column-gap-default\">\n\t\t\t\t\t<div class=\"elementor-column elementor-col-100 elementor-top-column elementor-element elementor-element-fe4cef3\" data-id=\"fe4cef3\" data-element_type=\"column\" data-e-type=\"column\">\n\t\t\t<div class=\"elementor-widget-wrap\">\n\t\t\t\t\t\t\t<\/div>\n\t\t<\/div>\n\t\t\t\t\t<\/div>\n\t\t<\/section>\n\t\t\t\t<section class=\"elementor-section elementor-top-section elementor-element elementor-element-fea307c elementor-section-boxed elementor-section-height-default elementor-section-height-default\" data-id=\"fea307c\" data-element_type=\"section\" data-e-type=\"section\">\n\t\t\t\t\t\t<div class=\"elementor-container elementor-column-gap-default\">\n\t\t\t\t\t<div class=\"elementor-column elementor-col-100 elementor-top-column elementor-element elementor-element-be17674\" data-id=\"be17674\" data-element_type=\"column\" data-e-type=\"column\">\n\t\t\t<div class=\"elementor-widget-wrap elementor-element-populated\">\n\t\t\t\t\t\t<div class=\"elementor-element elementor-element-e8196c5 elementor-widget elementor-widget-heading\" data-id=\"e8196c5\" data-element_type=\"widget\" data-e-type=\"widget\" data-widget_type=\"heading.default\">\n\t\t\t\t<div class=\"elementor-widget-container\">\n\t\t\t\t\t<h2 class=\"elementor-heading-title elementor-size-default\">ADOS-2 J\u00f3zef\u00f3w, ados j\u00f3zef\u00f3w, ados wo\u0142omin, diagnoza autyzmu j\u00f3zef\u00f3w, autyzm, integracja sensoryczna, SI, terapia pedagogiczna, diagnoza autyzmu, spektrum autyzmu, ADOS Warszawa, ADOS tanio, terpia r\u0119ki, zaburzenia, Wyszk\u00f3w, Wo\u0142omin, mi\u0144sk mazowiecki, diagnoza tanio<\/h2>\t\t\t\t<\/div>\n\t\t\t\t<\/div>\n\t\t\t\t\t<\/div>\n\t\t<\/div>\n\t\t\t\t\t<\/div>\n\t\t<\/section>\n\t\t\t\t<section class=\"elementor-section elementor-top-section elementor-element elementor-element-531fe05 elementor-section-boxed elementor-section-height-default elementor-section-height-default\" data-id=\"531fe05\" data-element_type=\"section\" data-e-type=\"section\">\n\t\t\t\t\t\t<div class=\"elementor-container elementor-column-gap-default\">\n\t\t\t\t\t<div class=\"elementor-column elementor-col-100 elementor-top-column elementor-element elementor-element-53ce8b6\" data-id=\"53ce8b6\" data-element_type=\"column\" data-e-type=\"column\">\n\t\t\t<div class=\"elementor-widget-wrap elementor-element-populated\">\n\t\t\t\t\t\t<div class=\"elementor-element elementor-element-3ebec67 elementor-widget elementor-widget-heading\" data-id=\"3ebec67\" data-element_type=\"widget\" data-e-type=\"widget\" data-widget_type=\"heading.default\">\n\t\t\t\t<div class=\"elementor-widget-container\">\n\t\t\t\t\t<h2 class=\"elementor-heading-title elementor-size-default\">ADOS-2 J\u00f3zef\u00f3w, ados j\u00f3zef\u00f3w, ados wo\u0142omin, diagnoza autyzmu j\u00f3zef\u00f3w, autyzm, integracja sensoryczna, SI, terapia pedagogiczna, diagnoza autyzmu, spektrum autyzmu, ADOS Warszawa, ADOS tanio, terpia r\u0119ki, zaburzenia, Wyszk\u00f3w, Wo\u0142omin, mi\u0144sk mazowiecki, diagnoza tanio<\/h2>\t\t\t\t<\/div>\n\t\t\t\t<\/div>\n\t\t\t\t\t<\/div>\n\t\t<\/div>\n\t\t\t\t\t<\/div>\n\t\t<\/section>\n\t\t\t\t<\/div>\n\t\t","protected":false},"excerpt":{"rendered":"<p>Naszym g\u0142\u00f3wnym celem jest zapewnienie dzieciom, kt\u00f3re spotykamy na naszej drodze, prawdziwego szcz\u0119\u015bcia. D\u0105\u017cymy do tego poprzez wspieranie ich wszechstronnego rozwoju oraz oferowanie wsparcia dla [&hellip;]<\/p>\n","protected":false},"author":1,"featured_media":0,"parent":0,"menu_order":1,"comment_status":"closed","ping_status":"closed","template":"elementor_theme","meta":{"_monsterinsights_skip_tracking":false,"_monsterinsights_sitenote_active":false,"_monsterinsights_sitenote_note":"","_monsterinsights_sitenote_category":0,"footnotes":""},"class_list":["post-2","page","type-page","status-publish","hentry"],"_links":{"self":[{"href":"https:\/\/wiolimisie.pl\/index.php?rest_route=\/wp\/v2\/pages\/2","targetHints":{"allow":["GET"]}}],"collection":[{"href":"https:\/\/wiolimisie.pl\/index.php?rest_route=\/wp\/v2\/pages"}],"about":[{"href":"https:\/\/wiolimisie.pl\/index.php?rest_route=\/wp\/v2\/types\/page"}],"author":[{"embeddable":true,"href":"https:\/\/wiolimisie.pl\/index.php?rest_route=\/wp\/v2\/users\/1"}],"replies":[{"embeddable":true,"href":"https:\/\/wiolimisie.pl\/index.php?rest_route=%2Fwp%2Fv2%2Fcomments&post=2"}],"version-history":[{"count":194,"href":"https:\/\/wiolimisie.pl\/index.php?rest_route=\/wp\/v2\/pages\/2\/revisions"}],"predecessor-version":[{"id":1809,"href":"https:\/\/wiolimisie.pl\/index.php?rest_route=\/wp\/v2\/pages\/2\/revisions\/1809"}],"wp:attachment":[{"href":"https:\/\/wiolimisie.pl\/index.php?rest_route=%2Fwp%2Fv2%2Fmedia&parent=2"}],"curies":[{"name":"wp","href":"https:\/\/api.w.org\/{rel}","templated":true}]}}