{"id":250,"date":"2023-07-28T17:25:36","date_gmt":"2023-07-28T15:25:36","guid":{"rendered":"https:\/\/wiolimisie.pl\/?page_id=250"},"modified":"2026-01-11T12:05:58","modified_gmt":"2026-01-11T11:05:58","slug":"umow-sie-na-wizyte","status":"publish","type":"page","link":"https:\/\/wiolimisie.pl\/?page_id=250","title":{"rendered":"Um\u00f3w si\u0119 na wizyt\u0119"},"content":{"rendered":"\n<div id=\"medfile-register-widget\" data-src=\"https:\/\/rejestracja.medfile.pl\/register\/index\/?uuid=5a3cf8db-da76-b118-85d8-ecf4b6a7324e\" data-tracker=\"\"><\/div>\n            <script src=\"https:\/\/rejestracja.medfile.pl\/js\/register.widget.js\"><\/script>\n","protected":false},"excerpt":{"rendered":"","protected":false},"author":1,"featured_media":0,"parent":2,"menu_order":0,"comment_status":"closed","ping_status":"closed","template":"","meta":{"_monsterinsights_skip_tracking":false,"_monsterinsights_sitenote_active":false,"_monsterinsights_sitenote_note":"","_monsterinsights_sitenote_category":0,"footnotes":""},"class_list":["post-250","page","type-page","status-publish","hentry"],"_links":{"self":[{"href":"https:\/\/wiolimisie.pl\/index.php?rest_route=\/wp\/v2\/pages\/250","targetHints":{"allow":["GET"]}}],"collection":[{"href":"https:\/\/wiolimisie.pl\/index.php?rest_route=\/wp\/v2\/pages"}],"about":[{"href":"https:\/\/wiolimisie.pl\/index.php?rest_route=\/wp\/v2\/types\/page"}],"author":[{"embeddable":true,"href":"https:\/\/wiolimisie.pl\/index.php?rest_route=\/wp\/v2\/users\/1"}],"replies":[{"embeddable":true,"href":"https:\/\/wiolimisie.pl\/index.php?rest_route=%2Fwp%2Fv2%2Fcomments&post=250"}],"version-history":[{"count":76,"href":"https:\/\/wiolimisie.pl\/index.php?rest_route=\/wp\/v2\/pages\/250\/revisions"}],"predecessor-version":[{"id":1823,"href":"https:\/\/wiolimisie.pl\/index.php?rest_route=\/wp\/v2\/pages\/250\/revisions\/1823"}],"up":[{"embeddable":true,"href":"https:\/\/wiolimisie.pl\/index.php?rest_route=\/wp\/v2\/pages\/2"}],"wp:attachment":[{"href":"https:\/\/wiolimisie.pl\/index.php?rest_route=%2Fwp%2Fv2%2Fmedia&parent=250"}],"curies":[{"name":"wp","href":"https:\/\/api.w.org\/{rel}","templated":true}]}}